{"id":48,"date":"2016-12-02T00:18:00","date_gmt":"2016-12-01T23:18:00","guid":{"rendered":"http:\/\/teamjavras.fr\/shop\/?post_type=product&#038;p=48"},"modified":"2023-04-17T00:14:58","modified_gmt":"2023-04-16T22:14:58","slug":"carte-vilo","status":"publish","type":"product","link":"https:\/\/teamjavras.fr\/shop\/product\/carte-vilo\/","title":{"rendered":"Carte : Vilo"},"content":{"rendered":"<p>Carte postale de <strong>Vilo<\/strong> repr\u00e9sentant <span style=\"color: #ff0000;\"><strong>Vilo qui essaye de rentrer chez vous<\/strong><\/span>, apr\u00e8s avoir d\u00e9fonc\u00e9 votre porte avec une hache, pour vous tuer&#8230;<br \/>\nOuais, on sait, elle fait peur&#8230;<\/p>\n<p>Taille : 148 x 105 mm.<\/p>\n","protected":false},"excerpt":{"rendered":"<p>Carte Vilo<\/p>\n","protected":false},"featured_media":49,"comment_status":"open","ping_status":"closed","template":"","meta":[],"class_list":{"0":"post-48","1":"product","2":"type-product","3":"status-publish","4":"has-post-thumbnail","6":"product_cat-carte","7":"product_tag-carte","8":"product_tag-vilo","10":"first","11":"outofstock","12":"shipping-taxable","13":"purchasable","14":"product-type-simple"},"_links":{"self":[{"href":"https:\/\/teamjavras.fr\/shop\/wp-json\/wp\/v2\/product\/48","targetHints":{"allow":["GET"]}}],"collection":[{"href":"https:\/\/teamjavras.fr\/shop\/wp-json\/wp\/v2\/product"}],"about":[{"href":"https:\/\/teamjavras.fr\/shop\/wp-json\/wp\/v2\/types\/product"}],"replies":[{"embeddable":true,"href":"https:\/\/teamjavras.fr\/shop\/wp-json\/wp\/v2\/comments?post=48"}],"wp:featuredmedia":[{"embeddable":true,"href":"https:\/\/teamjavras.fr\/shop\/wp-json\/wp\/v2\/media\/49"}],"wp:attachment":[{"href":"https:\/\/teamjavras.fr\/shop\/wp-json\/wp\/v2\/media?parent=48"}],"curies":[{"name":"wp","href":"https:\/\/api.w.org\/{rel}","templated":true}]}}