{"id":8,"date":"2016-12-01T22:30:34","date_gmt":"2016-12-01T21:30:34","guid":{"rendered":"http:\/\/teamjavras.fr\/shop\/?post_type=product&#038;p=8"},"modified":"2022-02-02T16:52:07","modified_gmt":"2022-02-02T15:52:07","slug":"cdj-01-la-vie-privee-de-javras-numerique","status":"publish","type":"product","link":"http:\/\/teamjavras.fr\/shop\/product\/cdj-01-la-vie-privee-de-javras-numerique\/","title":{"rendered":"CDJ.01 &#8211; La vie priv\u00e9e de Javras (Num\u00e9rique)"},"content":{"rendered":"<p>La vie priv\u00e9e de Javras est le tout premier album humoristique de la Team Javras, sorti en juin 2015. Cet album comporte 35 monos mp3 exclusifs qui ne sortiront jamais sur le web et vous trouverez des bonus de ce CD, un peu plus bas, sur cette page.<\/p>\n<p>Le CD est envoy\u00e9 sous une semaine, et la version num\u00e9rique vous est envoy\u00e9 via <strong>un lien de t\u00e9l\u00e9chargement unique<\/strong> par mail aussit\u00f4t.<\/p>\n<hr \/>\n<div class=\"su-column su-column-size-1-2\"><div class=\"su-column-inner su-u-clearfix su-u-trim\"><span style=\"text-decoration: underline; color: #fb3d3d;\"><strong><span style=\"font-size: 16px;\">Titres\u00a0:<\/span><br \/>\n<\/strong><\/span><\/p>\n<ol>\n<li>Intro &#8211; <strong style=\"word-spacing: normal; background-color: transparent;\"><em>2:46<\/em><\/strong><\/li>\n<li>Les pannes &#8211;\u00a0<em><strong>13:52<\/strong><\/em><\/li>\n<li>Situations de couple &#8211;\u00a0<em><strong>9:16<\/strong><\/em><\/li>\n<li>Criminalit\u00e9, juge et flics &#8211;\u00a0<em><strong>10:40<\/strong><\/em><\/li>\n<li>Pause publicitaire &#8211; <strong><em>8:17<\/em><\/strong><\/li>\n<li>Examen et\u00a0m\u00e9decine\u00a0&#8211; <strong><em>14:59<\/em><\/strong><\/li>\n<li>Qu&rsquo;on flic tue elle ? &#8211; <b><i>9:06<\/i><\/b><\/li>\n<li>Random\u00a0&#8211; <strong><em>8<\/em><em>:11<\/em><\/strong><\/li>\n<li style=\"text-align: left;\">Outro &#8211; <strong><em>2:05<\/em><\/strong><\/div><\/div><\/li>\n<\/ol>\n<p><strong>Date de sortie physique:<\/strong> 01\/06\/2015<br \/>\n<strong>R\u00e9alis\u00e9 par:<\/strong> Apollo, Richoult, Erika, Hesdea, Leffy62z, Baagy, Artekyon, Crazy, Asahi, Superflame, Darkspriteangels, Princessemagic et Matsuki Ritashi.<br \/>\n<strong>Illustr\u00e9 par :<\/strong> Pencil-Flower.<br \/>\n<strong>Avec la participation de :<\/strong> <strong><a href=\"https:\/\/www.youtube.com\/user\/TheGIRLSFAIRY\">Mikaya<\/a><\/strong>.<\/p>\n<p style=\"text-align: center;\"><strong><span style=\"text-decoration: underline;\">Ecouter un mono du CD :<br \/>\n<\/span><\/strong><em>Piste 6\u00a0&#8211;\u00a0Les m\u00e9decins &#8211; Baagy &#8211; <strong>2:57<\/strong><\/em><br \/>\n<audio src=\"https:\/\/javras.fr\/Audio\/Extrait\/CD%20-%206%20-%20Les%20M%C3%A9decins.mp3\" preload=\"none\" controls=\"controls\"><\/audio><\/p>\n<hr \/>\n<p style=\"padding-left: 60px; text-align: justify;\"><span style=\"text-decoration: underline;\"><strong><span style=\"color: #ff0000; text-decoration: underline;\">IMPORTANT:<\/span><\/strong><\/span><\/p>\n<p style=\"text-align: justify;\">Cet album cache\u00a0<span style=\"color: #0000ff;\"><strong>un code secret<\/strong><\/span> qui vous permettra\u00a0<span style=\"color: #ff0000;\"><strong>d&rsquo;acc\u00e9der\u00a0aux bonus in\u00e9dits et au t\u00e9l\u00e9chargement mp3 de ce CD<\/strong><\/span>\u00a0gr\u00e2ce <strong>au bouton ci-dessous :<\/strong><\/p>\n<p style=\"text-align: center;\"><a href=\"http:\/\/teamjavras.fr\/shop\/extra-cd-lvpdj\/\" class=\"su-button su-button-style-default\" style=\"color:#FFFFFF;background-color:#2D89EF;border-color:#246ec0;border-radius:5px\" target=\"_self\"><span style=\"color:#FFFFFF;padding:6px 16px;font-size:13px;line-height:20px;border-color:#6cadf4;border-radius:5px;text-shadow:none\"><i class=\"sui sui-download\" style=\"font-size:13px;color:#FFFFFF\"><\/i> Acc\u00e9der aux bonus in\u00e9dits du \u00ab\u00a0CDJ.01 &#8211; La vie priv\u00e9e de Javras\u00a0\u00bb.<\/span><\/a>\n","protected":false},"excerpt":{"rendered":"<p>CD.J01 &#8211; Num\u00e9rique.<\/p>\n","protected":false},"featured_media":423,"comment_status":"closed","ping_status":"closed","template":"","meta":[],"class_list":{"0":"post-8","1":"product","2":"type-product","3":"status-publish","4":"has-post-thumbnail","6":"product_cat-cd","7":"product_cat-cdj01","8":"product_cat-numerique","9":"product_tag-apollo","10":"product_tag-artekyon","11":"product_tag-asahi","12":"product_tag-baagy","13":"product_tag-crazy","14":"product_tag-darkspriteangels","15":"product_tag-erika","16":"product_tag-hesdea","17":"product_tag-leffy62z","18":"product_tag-matsuki-ritashi","19":"product_tag-mikaya","20":"product_tag-pencil-flower","21":"product_tag-princessemagic","22":"product_tag-richoult","23":"product_tag-superflame","25":"first","26":"instock","27":"featured","28":"downloadable","29":"virtual","30":"sold-individually","31":"shipping-taxable","32":"purchasable","33":"product-type-simple"},"_links":{"self":[{"href":"http:\/\/teamjavras.fr\/shop\/wp-json\/wp\/v2\/product\/8","targetHints":{"allow":["GET"]}}],"collection":[{"href":"http:\/\/teamjavras.fr\/shop\/wp-json\/wp\/v2\/product"}],"about":[{"href":"http:\/\/teamjavras.fr\/shop\/wp-json\/wp\/v2\/types\/product"}],"replies":[{"embeddable":true,"href":"http:\/\/teamjavras.fr\/shop\/wp-json\/wp\/v2\/comments?post=8"}],"wp:featuredmedia":[{"embeddable":true,"href":"http:\/\/teamjavras.fr\/shop\/wp-json\/wp\/v2\/media\/423"}],"wp:attachment":[{"href":"http:\/\/teamjavras.fr\/shop\/wp-json\/wp\/v2\/media?parent=8"}],"curies":[{"name":"wp","href":"https:\/\/api.w.org\/{rel}","templated":true}]}}