{"id":74,"date":"2016-12-02T00:49:38","date_gmt":"2016-12-01T23:49:38","guid":{"rendered":"http:\/\/teamjavras.fr\/shop\/produit\/badge-chelmy-barton\/"},"modified":"2020-02-03T19:10:48","modified_gmt":"2020-02-03T18:10:48","slug":"badge-chelmy-barton","status":"publish","type":"product","link":"http:\/\/teamjavras.fr\/shop\/product\/badge-chelmy-barton\/","title":{"rendered":"Badge : Chelmy &#038; Barton"},"content":{"rendered":"<p>Votre personnage pr\u00e9f\u00e9r\u00e9 est un enqu\u00eateur de Scotland Yard ou un larbin soumis ?<br \/>\nFaites-le savoir \u00e0 votre entourage avec ce badge\u00a0<strong>Chelmy &amp; Barton<\/strong>. \/\u00a0<strong>Propri\u00e9t\u00e9 :<\/strong> + 70 en cri \u00e9pique<\/p>\n<p><a href=\"http:\/\/mifflue.fr\" target=\"_blank\" rel=\"noopener noreferrer\"><strong>Illustration de Mifflue.<\/strong><\/a><\/p>\n","protected":false},"excerpt":{"rendered":"<p>Badge Chelmy &amp; Barton<\/p>\n","protected":false},"featured_media":68,"comment_status":"open","ping_status":"closed","template":"","meta":[],"class_list":{"0":"post-74","1":"product","2":"type-product","3":"status-publish","4":"has-post-thumbnail","6":"product_cat-badge","7":"product_cat-layton","8":"product_tag-badge","9":"product_tag-barton","10":"product_tag-chelmy","12":"first","13":"instock","14":"shipping-taxable","15":"purchasable","16":"product-type-simple"},"_links":{"self":[{"href":"http:\/\/teamjavras.fr\/shop\/wp-json\/wp\/v2\/product\/74","targetHints":{"allow":["GET"]}}],"collection":[{"href":"http:\/\/teamjavras.fr\/shop\/wp-json\/wp\/v2\/product"}],"about":[{"href":"http:\/\/teamjavras.fr\/shop\/wp-json\/wp\/v2\/types\/product"}],"replies":[{"embeddable":true,"href":"http:\/\/teamjavras.fr\/shop\/wp-json\/wp\/v2\/comments?post=74"}],"wp:featuredmedia":[{"embeddable":true,"href":"http:\/\/teamjavras.fr\/shop\/wp-json\/wp\/v2\/media\/68"}],"wp:attachment":[{"href":"http:\/\/teamjavras.fr\/shop\/wp-json\/wp\/v2\/media?parent=74"}],"curies":[{"name":"wp","href":"https:\/\/api.w.org\/{rel}","templated":true}]}}