{"id":72,"date":"2016-12-02T00:44:18","date_gmt":"2016-12-01T23:44:18","guid":{"rendered":"http:\/\/teamjavras.fr\/shop\/produit\/badge-luc\/"},"modified":"2020-02-03T19:11:12","modified_gmt":"2020-02-03T18:11:12","slug":"badge-luc","status":"publish","type":"product","link":"http:\/\/teamjavras.fr\/shop\/product\/badge-luc\/","title":{"rendered":"Badge : Luc"},"content":{"rendered":"<p style=\"text-align: justify;\">Votre personnage pr\u00e9f\u00e9r\u00e9 adore faire chier les gens et pense qu&rsquo;un canard\u00a0caquette ?<br \/>\nFaites-le savoir \u00e0 votre entourage avec ce badge <strong>Luc<\/strong>. \/\u00a0<strong>Propri\u00e9t\u00e9 :<\/strong> +40 en d\u00e9bilit\u00e9.<\/p>\n<p style=\"text-align: justify;\"><a href=\"http:\/\/mifflue.fr\" target=\"_blank\" rel=\"noopener noreferrer\"><strong>Illustration de Mifflue.<\/strong><\/a><\/p>\n","protected":false},"excerpt":{"rendered":"<p>Badge Luc<\/p>\n","protected":false},"featured_media":70,"comment_status":"open","ping_status":"closed","template":"","meta":[],"class_list":{"0":"post-72","1":"product","2":"type-product","3":"status-publish","4":"has-post-thumbnail","6":"product_cat-badge","7":"product_cat-layton","8":"product_tag-badge","9":"product_tag-luc","11":"first","12":"instock","13":"featured","14":"shipping-taxable","15":"purchasable","16":"product-type-simple"},"_links":{"self":[{"href":"http:\/\/teamjavras.fr\/shop\/wp-json\/wp\/v2\/product\/72","targetHints":{"allow":["GET"]}}],"collection":[{"href":"http:\/\/teamjavras.fr\/shop\/wp-json\/wp\/v2\/product"}],"about":[{"href":"http:\/\/teamjavras.fr\/shop\/wp-json\/wp\/v2\/types\/product"}],"replies":[{"embeddable":true,"href":"http:\/\/teamjavras.fr\/shop\/wp-json\/wp\/v2\/comments?post=72"}],"wp:featuredmedia":[{"embeddable":true,"href":"http:\/\/teamjavras.fr\/shop\/wp-json\/wp\/v2\/media\/70"}],"wp:attachment":[{"href":"http:\/\/teamjavras.fr\/shop\/wp-json\/wp\/v2\/media?parent=72"}],"curies":[{"name":"wp","href":"https:\/\/api.w.org\/{rel}","templated":true}]}}