{"id":66,"date":"2016-12-02T00:43:22","date_gmt":"2016-12-01T23:43:22","guid":{"rendered":"http:\/\/teamjavras.fr\/shop\/?post_type=product&#038;p=66"},"modified":"2020-02-03T19:11:19","modified_gmt":"2020-02-03T18:11:19","slug":"badge-layton","status":"publish","type":"product","link":"http:\/\/teamjavras.fr\/shop\/product\/badge-layton\/","title":{"rendered":"Badge : Layton"},"content":{"rendered":"<p style=\"text-align: justify;\">Votre personnage pr\u00e9f\u00e9r\u00e9 adore les \u00e9nigmes ?<br \/>\nFaites-le savoir \u00e0 votre entourage avec ce badge <strong>Layton<\/strong>. \/\u00a0<strong>Propri\u00e9t\u00e9 :<\/strong> +25 en intelligence.<\/p>\n<p style=\"text-align: justify;\"><a href=\"http:\/\/mifflue.fr\" target=\"_blank\" rel=\"noopener noreferrer\"><strong>Illustration de Mifflue.<\/strong><\/a><\/p>\n","protected":false},"excerpt":{"rendered":"<p>Badge Layton<\/p>\n","protected":false},"featured_media":71,"comment_status":"open","ping_status":"closed","template":"","meta":[],"class_list":{"0":"post-66","1":"product","2":"type-product","3":"status-publish","4":"has-post-thumbnail","6":"product_cat-badge","7":"product_cat-layton","8":"product_tag-layton","10":"first","11":"instock","12":"shipping-taxable","13":"purchasable","14":"product-type-simple"},"_links":{"self":[{"href":"http:\/\/teamjavras.fr\/shop\/wp-json\/wp\/v2\/product\/66","targetHints":{"allow":["GET"]}}],"collection":[{"href":"http:\/\/teamjavras.fr\/shop\/wp-json\/wp\/v2\/product"}],"about":[{"href":"http:\/\/teamjavras.fr\/shop\/wp-json\/wp\/v2\/types\/product"}],"replies":[{"embeddable":true,"href":"http:\/\/teamjavras.fr\/shop\/wp-json\/wp\/v2\/comments?post=66"}],"wp:featuredmedia":[{"embeddable":true,"href":"http:\/\/teamjavras.fr\/shop\/wp-json\/wp\/v2\/media\/71"}],"wp:attachment":[{"href":"http:\/\/teamjavras.fr\/shop\/wp-json\/wp\/v2\/media?parent=66"}],"curies":[{"name":"wp","href":"https:\/\/api.w.org\/{rel}","templated":true}]}}