{"id":596,"date":"2025-07-23T19:10:58","date_gmt":"2025-07-23T17:10:58","guid":{"rendered":"https:\/\/teamjavras.fr\/shop\/product\/tote-bag-bio-javras-2012\/"},"modified":"2025-07-23T19:11:58","modified_gmt":"2025-07-23T17:11:58","slug":"tote-bag-bio-javras-2012","status":"publish","type":"product","link":"http:\/\/teamjavras.fr\/shop\/product\/tote-bag-bio-javras-2012\/","title":{"rendered":"Tote Bag Bio Javras 2012"},"content":{"rendered":"<p>Dites au revoir au plastique, et emballez vos affaires dans ce sac fourre-tout en coton biologique. Il y a plus qu&rsquo;assez de place pour les courses, les livres et le reste.<\/p>\n<p>\u2022 100\u00a0% coton serg\u00e9 biologique certifi\u00e9 3\/1<br \/>\n\u2022 Poids du tissu\u00a0: 272\u00a0g\/m\u00b2 (8\u00a0oz\/yd\u00b2)<br \/>\n\u2022 Dimensions\u00a0: 40,6 \u00d7 35,6\u00a0\u00d7 12,7\u00a0cm (16\u00a0\u2033\u00a0\u00d7 14\u00a0\u00bd\u00a0\u2033 x 5\u00a0\u00ab\u00a0)<br \/>\n\u2022 Limite de poids\u00a0:\u00a013,6\u00a0kg (30\u00a0lbs)<br \/>\n\u2022 Deux sangles de 2,5\u00a0cm (1\u00a0\u00a0\u00bb) de largeur et de 62,2\u00a0cm (24,5\u00a0\u00a0\u00bb) de longueur<br \/>\n\u2022 Compartiment principal ouvert<\/p>\n<p>Age restrictions: Pour les adultes<br \/>\nEU Warranty: 2\u00a0ans<br \/>\nOther compliance information: R\u00e9pond aux exigences en mati\u00e8re de teneur en colorants azo\u00efques et formald\u00e9hyde.<\/p>\n<p>En conformit\u00e9 avec le R\u00e8glement pour la S\u00e9curit\u00e9 G\u00e9n\u00e9rale des Produits (RSGP), <b>Association Team Javras<\/b> garantit que tous les produits de consommation propos\u00e9s sont s\u00fbrs et conformes aux normes de l&rsquo;UE. Pour toute question ou pr\u00e9occupation li\u00e9e \u00e0 la s\u00e9curit\u00e9 des produits, veuillez nous contacter \u00e0 <b>teamjavras@gmail.com<\/b> ou nous \u00e9crire \u00e0 <b>7 rue de Pruniers,<br \/>\n49000 Angers &#8211; FRANCE.<b \/><\/p>\n","protected":false},"excerpt":{"rendered":"<p>Dites au revoir au plastique, et emballez vos affaires dans ce sac fourre-tout en coton biologique. Il y a plus qu&rsquo;assez de place pour les courses, les livres et le reste. \u2022 100\u00a0% coton serg\u00e9 biologique certifi\u00e9 3\/1 \u2022 Poids du tissu\u00a0: 272\u00a0g\/m\u00b2 (8\u00a0oz\/yd\u00b2) \u2022 Dimensions\u00a0: 40,6 \u00d7 35,6\u00a0\u00d7 12,7\u00a0cm (16\u00a0\u2033\u00a0\u00d7 14\u00a0\u00bd\u00a0\u2033 x 5\u00a0\u00ab\u00a0) \u2022 [&hellip;]<\/p>\n","protected":false},"featured_media":599,"comment_status":"open","ping_status":"closed","template":"","meta":[],"class_list":{"0":"post-596","1":"product","2":"type-product","3":"status-publish","4":"has-post-thumbnail","6":"product_cat-tote-bag","8":"first","9":"instock","10":"shipping-taxable","11":"purchasable","12":"product-type-simple"},"_links":{"self":[{"href":"http:\/\/teamjavras.fr\/shop\/wp-json\/wp\/v2\/product\/596","targetHints":{"allow":["GET"]}}],"collection":[{"href":"http:\/\/teamjavras.fr\/shop\/wp-json\/wp\/v2\/product"}],"about":[{"href":"http:\/\/teamjavras.fr\/shop\/wp-json\/wp\/v2\/types\/product"}],"replies":[{"embeddable":true,"href":"http:\/\/teamjavras.fr\/shop\/wp-json\/wp\/v2\/comments?post=596"}],"wp:featuredmedia":[{"embeddable":true,"href":"http:\/\/teamjavras.fr\/shop\/wp-json\/wp\/v2\/media\/599"}],"wp:attachment":[{"href":"http:\/\/teamjavras.fr\/shop\/wp-json\/wp\/v2\/media?parent=596"}],"curies":[{"name":"wp","href":"https:\/\/api.w.org\/{rel}","templated":true}]}}