{"id":582,"date":"2025-07-23T19:06:44","date_gmt":"2025-07-23T17:06:44","guid":{"rendered":"https:\/\/teamjavras.fr\/shop\/product\/sweat-a-capuche-premium-ecologique-javras-2012\/"},"modified":"2025-07-23T19:11:40","modified_gmt":"2025-07-23T17:11:40","slug":"sweat-a-capuche-premium-ecologique-javras-2012","status":"publish","type":"product","link":"http:\/\/teamjavras.fr\/shop\/product\/sweat-a-capuche-premium-ecologique-javras-2012\/","title":{"rendered":"Sweat \u00e0 capuche premium \u00e9cologique Javras 2012"},"content":{"rendered":"<p>D\u00e9couvrez le sweat \u00e0 capuche premium \u00e9cologique compos\u00e9 de mat\u00e9riaux biologiques et recycl\u00e9s. Avec son coupe confortable, sa poche avant et sa capuche double \u00e9paisseur, le sweat \u00e0 capuche est une pi\u00e8ce classique du streetwear, qui peut \u00eatre port\u00e9e avec des looks diff\u00e9rents.<br \/>\n \u2022 85\u00a0%\u00a0coton biologique et 15\u00a0% polyester recycl\u00e9<br \/>\n \u2022 Cotes\u00a0:\u00a097\u00a0%\u00a0coton biologique et 3\u00a0% \u00e9lasthanne<br \/>\n \u2022 Tissu en polaire bross\u00e9 \u00e0 l&rsquo;int\u00e9rieur<br \/>\n \u2022 Coupe unisexe confortable<br \/>\n \u2022 Capuche double \u00e9paisseur<br \/>\n \u2022 Cordons plats avec \u0153illets en m\u00e9tal pour une apparence de qualit\u00e9<br \/>\n \u2022 Poche kangourou<br \/>\n \u2022 Patch d&rsquo;\u00e9tiquette int\u00e9rieur\/ext\u00e9rieur pour la marque<br \/>\n \u2022 \u00c9tiquette d&rsquo;entretien d\u00e9tachable<\/p>\n<p>Age restrictions: Pour les adultes<br \/>\nEU Warranty: 2\u00a0ans<br \/>\nOther compliance information: R\u00e9pond aux exigences REACH de l&rsquo;UE.<\/p>\n<p>En conformit\u00e9 avec le R\u00e8glement pour la S\u00e9curit\u00e9 G\u00e9n\u00e9rale des Produits (RSGP), <b>Association Team Javras<\/b> garantit que tous les produits de consommation propos\u00e9s sont s\u00fbrs et conformes aux normes de l&rsquo;UE. Pour toute question ou pr\u00e9occupation li\u00e9e \u00e0 la s\u00e9curit\u00e9 des produits, veuillez nous contacter \u00e0 <b>teamjavras@gmail.com<\/b> ou nous \u00e9crire \u00e0 <b>7 rue de Pruniers,<br \/>\n49000 Angers &#8211; FRANCE.<b \/><\/p>\n","protected":false},"excerpt":{"rendered":"<p>D\u00e9couvrez le sweat \u00e0 capuche premium \u00e9cologique compos\u00e9 de mat\u00e9riaux biologiques et recycl\u00e9s. Avec son coupe confortable, sa poche avant et sa capuche double \u00e9paisseur, le sweat \u00e0 capuche est une pi\u00e8ce classique du streetwear, qui peut \u00eatre port\u00e9e avec des looks diff\u00e9rents. \u2022 85\u00a0%\u00a0coton biologique et 15\u00a0% polyester recycl\u00e9 \u2022 Cotes\u00a0:\u00a097\u00a0%\u00a0coton biologique et 3\u00a0% [&hellip;]<\/p>\n","protected":false},"featured_media":595,"comment_status":"open","ping_status":"closed","template":"","meta":[],"class_list":{"0":"post-582","1":"product","2":"type-product","3":"status-publish","4":"has-post-thumbnail","6":"product_cat-patreon","8":"first","9":"instock","10":"shipping-taxable","11":"purchasable","12":"product-type-variable","13":"has-default-attributes","14":"has-children"},"_links":{"self":[{"href":"http:\/\/teamjavras.fr\/shop\/wp-json\/wp\/v2\/product\/582","targetHints":{"allow":["GET"]}}],"collection":[{"href":"http:\/\/teamjavras.fr\/shop\/wp-json\/wp\/v2\/product"}],"about":[{"href":"http:\/\/teamjavras.fr\/shop\/wp-json\/wp\/v2\/types\/product"}],"replies":[{"embeddable":true,"href":"http:\/\/teamjavras.fr\/shop\/wp-json\/wp\/v2\/comments?post=582"}],"wp:featuredmedia":[{"embeddable":true,"href":"http:\/\/teamjavras.fr\/shop\/wp-json\/wp\/v2\/media\/595"}],"wp:attachment":[{"href":"http:\/\/teamjavras.fr\/shop\/wp-json\/wp\/v2\/media?parent=582"}],"curies":[{"name":"wp","href":"https:\/\/api.w.org\/{rel}","templated":true}]}}