{"id":567,"date":"2025-07-23T18:58:52","date_gmt":"2025-07-23T16:58:52","guid":{"rendered":"https:\/\/teamjavras.fr\/shop\/product\/t-shirt-unisexe\/"},"modified":"2025-07-23T19:02:21","modified_gmt":"2025-07-23T17:02:21","slug":"t-shirt-unisexe","status":"publish","type":"product","link":"http:\/\/teamjavras.fr\/shop\/product\/t-shirt-unisexe\/","title":{"rendered":"T-shirt unisexe Javras 2012"},"content":{"rendered":"<p>Ce t-shirt est tout ce dont vous avez r\u00eav\u00e9 et plus encore. Il est doux et l\u00e9ger, avec ce qu&rsquo;il faut d&rsquo;\u00e9lasticit\u00e9. Il est agr\u00e9able et flatteur pour tous. <\/p>\n<p>\u2022 100\u00a0%\u00a0coton peign\u00e9 et fil\u00e9 \u00e0 l&rsquo;anneau (les couleurs chin\u00e9es contiennent du polyester)<br \/>\n\u2022 Poids du tissu\u00a0:\u00a0142\u00a0g\/m\u00b2 (4,2\u00a0oz\/yd\u00b2)<br \/>\n\u2022 Tissu pr\u00e9r\u00e9tr\u00e9ci<br \/>\n\u2022 Couture sur le c\u00f4t\u00e9<br \/>\n\u2022 Ruban d&rsquo;\u00e9paule \u00e0 \u00e9paule<\/p>\n<p>Age restrictions: Pour les adultes<br \/>\nEU Warranty: 2\u00a0ans<\/p>\n<p>En conformit\u00e9 avec le R\u00e8glement pour la S\u00e9curit\u00e9 G\u00e9n\u00e9rale des Produits (RSGP), <b>Association Team Javras<\/b> garantit que tous les produits de consommation propos\u00e9s sont s\u00fbrs et conformes aux normes de l&rsquo;UE. Pour toute question ou pr\u00e9occupation li\u00e9e \u00e0 la s\u00e9curit\u00e9 des produits, veuillez nous contacter \u00e0 <b>teamjavras@gmail.com<\/b> ou nous \u00e9crire \u00e0 <b>7 rue de Pruniers,<br \/>\n49000 Angers &#8211; FRANCE.<b \/><\/p>\n","protected":false},"excerpt":{"rendered":"<p>Ce t-shirt est tout ce dont vous avez r\u00eav\u00e9 et plus encore. Il est doux et l\u00e9ger, avec ce qu&rsquo;il faut d&rsquo;\u00e9lasticit\u00e9. Il est agr\u00e9able et flatteur pour tous. \u2022 100\u00a0%\u00a0coton peign\u00e9 et fil\u00e9 \u00e0 l&rsquo;anneau (les couleurs chin\u00e9es contiennent du polyester) \u2022 Poids du tissu\u00a0:\u00a0142\u00a0g\/m\u00b2 (4,2\u00a0oz\/yd\u00b2) \u2022 Tissu pr\u00e9r\u00e9tr\u00e9ci \u2022 Couture sur le c\u00f4t\u00e9 [&hellip;]<\/p>\n","protected":false},"featured_media":577,"comment_status":"open","ping_status":"closed","template":"","meta":[],"class_list":{"0":"post-567","1":"product","2":"type-product","3":"status-publish","4":"has-post-thumbnail","6":"product_cat-tshirt","8":"first","9":"instock","10":"shipping-taxable","11":"purchasable","12":"product-type-variable","13":"has-default-attributes","14":"has-children"},"_links":{"self":[{"href":"http:\/\/teamjavras.fr\/shop\/wp-json\/wp\/v2\/product\/567","targetHints":{"allow":["GET"]}}],"collection":[{"href":"http:\/\/teamjavras.fr\/shop\/wp-json\/wp\/v2\/product"}],"about":[{"href":"http:\/\/teamjavras.fr\/shop\/wp-json\/wp\/v2\/types\/product"}],"replies":[{"embeddable":true,"href":"http:\/\/teamjavras.fr\/shop\/wp-json\/wp\/v2\/comments?post=567"}],"wp:featuredmedia":[{"embeddable":true,"href":"http:\/\/teamjavras.fr\/shop\/wp-json\/wp\/v2\/media\/577"}],"wp:attachment":[{"href":"http:\/\/teamjavras.fr\/shop\/wp-json\/wp\/v2\/media?parent=567"}],"curies":[{"name":"wp","href":"https:\/\/api.w.org\/{rel}","templated":true}]}}