{"id":562,"date":"2025-07-23T18:14:35","date_gmt":"2025-07-23T16:14:35","guid":{"rendered":"https:\/\/teamjavras.fr\/shop\/product\/mug-blanc-brillant-javras-2012\/"},"modified":"2025-07-23T18:52:24","modified_gmt":"2025-07-23T16:52:24","slug":"mug-blanc-brillant-javras-2012","status":"publish","type":"product","link":"http:\/\/teamjavras.fr\/shop\/product\/mug-blanc-brillant-javras-2012\/","title":{"rendered":"Mug Blanc Brillant Javras 2012"},"content":{"rendered":"<p>Que vous buviez votre caf\u00e9 du matin, votre th\u00e9 du soir ou autre chose entre les deux, cette tasse est faite pour vous\u00a0! Elle est robuste et brillante avec une impression vive qui r\u00e9sistera au micro-ondes et au lave-vaisselle.<\/p>\n<p>\u2022 En c\u00e9ramique <br \/>\n\u2022 Dimensions de la tasse de 11\u00a0oz\u00a0: 9,6\u00a0cm (3,8\u00a0\u00ab\u00a0) de hauteur, 8,2\u00a0cm (3,2\u00a0\u00ab\u00a0) de diam\u00e8tre<br \/>\n\u2022 Mat\u00e9riau sans plomb et sans BPA<br \/>\n\u2022 Lave-vaisselle et micro-ondes<br \/>\n\u2022 Produit vierge provenant de Chine<\/p>\n<p>Age restrictions: Pour les adultes<br \/>\nEU Warranty: 2\u00a0ans<br \/>\nOther compliance information: R\u00e9pond aux exigences relatives aux teneurs en plomb et cadmium.<\/p>\n<p>En conformit\u00e9 avec le R\u00e8glement pour la S\u00e9curit\u00e9 G\u00e9n\u00e9rale des Produits (RSGP), <b>Association Team Javras<\/b> garantit que tous les produits de consommation propos\u00e9s sont s\u00fbrs et conformes aux normes de l&rsquo;UE. Pour toute question ou pr\u00e9occupation li\u00e9e \u00e0 la s\u00e9curit\u00e9 des produits, veuillez nous contacter \u00e0 <b>teamjavras@gmail.com<\/b> ou nous \u00e9crire \u00e0 <b>7 rue de Pruniers,<br \/>\n49000 Angers &#8211; FRANCE.<b \/><\/p>\n","protected":false},"excerpt":{"rendered":"<p>Que vous buviez votre caf\u00e9 du matin, votre th\u00e9 du soir ou autre chose entre les deux, cette tasse est faite pour vous\u00a0! Elle est robuste et brillante avec une impression vive qui r\u00e9sistera au micro-ondes et au lave-vaisselle. \u2022 En c\u00e9ramique \u2022 Dimensions de la tasse de 11\u00a0oz\u00a0: 9,6\u00a0cm (3,8\u00a0\u00ab\u00a0) de hauteur, 8,2\u00a0cm (3,2\u00a0\u00ab\u00a0) [&hellip;]<\/p>\n","protected":false},"featured_media":563,"comment_status":"open","ping_status":"closed","template":"","meta":[],"class_list":{"0":"post-562","1":"product","2":"type-product","3":"status-publish","4":"has-post-thumbnail","6":"product_cat-affiche","8":"first","9":"instock","10":"shipping-taxable","11":"purchasable","12":"product-type-simple"},"_links":{"self":[{"href":"http:\/\/teamjavras.fr\/shop\/wp-json\/wp\/v2\/product\/562","targetHints":{"allow":["GET"]}}],"collection":[{"href":"http:\/\/teamjavras.fr\/shop\/wp-json\/wp\/v2\/product"}],"about":[{"href":"http:\/\/teamjavras.fr\/shop\/wp-json\/wp\/v2\/types\/product"}],"replies":[{"embeddable":true,"href":"http:\/\/teamjavras.fr\/shop\/wp-json\/wp\/v2\/comments?post=562"}],"wp:featuredmedia":[{"embeddable":true,"href":"http:\/\/teamjavras.fr\/shop\/wp-json\/wp\/v2\/media\/563"}],"wp:attachment":[{"href":"http:\/\/teamjavras.fr\/shop\/wp-json\/wp\/v2\/media?parent=562"}],"curies":[{"name":"wp","href":"https:\/\/api.w.org\/{rel}","templated":true}]}}