{"id":517,"date":"2023-05-30T18:55:45","date_gmt":"2023-05-30T16:55:45","guid":{"rendered":"http:\/\/teamjavras.fr\/shop\/?post_type=product&#038;p=517"},"modified":"2023-05-31T16:05:48","modified_gmt":"2023-05-31T14:05:48","slug":"bande-originale-la-memoire-arrangee-saison-1-numerique","status":"publish","type":"product","link":"http:\/\/teamjavras.fr\/shop\/product\/bande-originale-la-memoire-arrangee-saison-1-numerique\/","title":{"rendered":"Bande Originale &#8211; La M\u00e9moire Arrang\u00e9e &#8211; Saison 1 (Num\u00e9rique)"},"content":{"rendered":"<p>Red\u00e9couvrez l&rsquo;ambiance particuli\u00e8re de la premi\u00e8re saison du podcast <a href=\"https:\/\/javras.fr\/podcasts\/la-memoire-arrangee\/\" target=\"_blank\" rel=\"noopener noreferrer\"><strong>La M\u00e9moire Arrang\u00e9e<\/strong><\/a> en vous plongeant dans les boucles originales de Kayji &#8211; Yann Rayon.<\/p>\n<p><span style=\"text-decoration: underline;\">D\u00e9tails:<\/span><\/p>\n<ul>\n<li><strong>49 Fichiers MP3<\/strong> &#8211; 320Kbits\/s &#8211; 170Mo<\/li>\n<li><strong>Dur\u00e9e totale :<\/strong> 1h 12min<\/li>\n<\/ul>\n<p><span style=\"text-decoration: underline;\">Tracklist :<\/span><\/p>\n<table>\n<tbody>\n<tr>\n<td><em>01.<b> Th\u00e8me musical<\/b> (0:59) \/ (1:07) \/ (2:06)<br \/>\n02. <span style=\"color: #ff0000;\"><b>Des affaires louches V1<\/b><\/span> (0:36)<br \/>\n03. <b>Des affaires louches V2<\/b> (0:36)<br \/>\n04. <span style=\"color: #ff0000;\"><b>Des affaires louches V3<\/b><\/span> (1:13)<br \/>\n05. <b>Tension &#8211; Drone<\/b> (2:08)<br \/>\n06. <span style=\"color: #ff0000;\"><b>Vie calme<\/b><\/span> (1:04)<br \/>\n07. <b>Poste de police<\/b> (1:12)<br \/>\n08. <span style=\"color: #ff0000;\"><b>Souvenirs troubles<\/b><\/span> (1:07)<br \/>\n09. <b>Recherche de preuves<\/b> (2:41)<br \/>\n10. <span style=\"color: #ff0000;\"><b>Cuisine fran\u00e7aise<\/b><\/span> (1:00)<br \/>\n11. <b>Investigation myst\u00e9rieuse<\/b> (2:10)<br \/>\n12. <span style=\"color: #ff0000;\"><b>Amour et vin<\/b><\/span> (1:55)<br \/>\n13. <b>Poursuivi par une fourgonnette<\/b> (1:34)<br \/>\n14. <span style=\"color: #ff0000;\"><b>Docteur Window<\/b><\/span> (1:06)<br \/>\n15. <b>Psychanalise<\/b> (2:35)<br \/>\n16. <span style=\"color: #ff0000;\"><b>En garde \u00e0 vue<\/b><\/span> (2:00)<br \/>\n17. <b>La pizza di famiglia<\/b> (2:00)<br \/>\n18. <span style=\"color: #ff0000;\"><b>La sfida<\/b><\/span> (1:09)<br \/>\n19. <b>Cuore fraterno<\/b> (3:08)<br \/>\n20. <span style=\"color: #ff0000;\"><b>La douceur angevine<\/b><\/span> (2:13)<br \/>\n21. <b>Le bar clandestin<\/b> (1:55)<br \/>\n22. <span style=\"color: #ff0000;\"><b>Chasse \u00e0 la guapette<\/b><\/span> (1:20)<br \/>\n23. <b>Le garde chasse<\/b> (1:26)<br \/>\n24. <span style=\"color: #ff0000;\"><b>La for\u00eat du fouilloux<\/b><\/span> (2:29)<\/em><\/td>\n<td><em>25.<b> La for\u00eat du fouilloux 2<\/b> (1:08)<\/em><br \/>\n<em>26.<span style=\"color: #ff0000;\"><b> L&rsquo;ordre des corvid\u00e9s<\/b><\/span> (2:14)<\/em><br \/>\n<em>27. <b>Cops Party<\/b> (1:09)<\/em><br \/>\n<em>28.<span style=\"color: #ff0000;\"><b> Cops Party 2<\/b> <\/span>(1:09)<\/em><br \/>\n<em>29. <b>Scalpel et tatouage<\/b> (1:09)<\/em><br \/>\n<em>30. <span style=\"color: #ff0000;\"><b>Les armes du p\u00e8re<\/b><\/span> (1:37)<\/em><br \/>\n<em>31. <b>Commando Simonin<\/b> (0:56)<\/em><br \/>\n<em>32. <span style=\"color: #ff0000;\"><b>L&rsquo;amoureux mourant<\/b><\/span> (1:31)<\/em><br \/>\n<em>33. <b>La Tapisserie de l&rsquo;Apocalypse<\/b> (1:25)<\/em><br \/>\n<em>34. <span style=\"color: #ff0000;\"><b>Dans les d\u00e9dales<\/b><\/span> (1:01)<\/em><br \/>\n<em>35. <b>Le Blue Monkeys<\/b> (1:26)<\/em><br \/>\n<em>36. <span style=\"color: #ff0000;\"><b>La secte<\/b><\/span> (1:00)<\/em><br \/>\n<em>37. <b>Les chats attaquent<\/b> (1:12)<\/em><br \/>\n<em>38. <span style=\"color: #ff0000;\"><b>Vous pouvez le faire, Simonin<\/b><\/span> (2:01)<\/em><br \/>\n<em>39. <b>Requiem for a sardine<\/b> (2:42)<\/em><br \/>\n<em>40. <span style=\"color: #ff0000;\"><b>Requiem for a sardine 2<\/b><\/span> (1:32)<\/em><br \/>\n<em>41. <b>La Promotion de Simonin<\/b> (1:48)<\/em><br \/>\n<em>42. <span style=\"color: #ff0000;\"><b>Conclusion<\/b> <\/span>(2:38)<\/em><br \/>\n<em>43. <b>AngersNews<\/b> (0:10)<\/em><br \/>\n<em>44. <span style=\"color: #ff0000;\"><b>D\u00e9but de sc\u00e8ne<\/b><\/span> (0:13)<\/em><br \/>\n<em>45. <b>Fin de sc\u00e8ne<\/b> (0:11)<\/em><br \/>\n<em>46. <span style=\"color: #ff0000;\"><b>Bruitage du Narrateur<\/b> <\/span>(0:03)<\/em><br \/>\n<em>47. <b>Bruitage du Narrateur Dark<\/b> (0:06)<\/em><\/td>\n<\/tr>\n<\/tbody>\n<\/table>\n<p><strong>Ce contenu n&rsquo;est pas disponible gratuitement sur internet.<br \/>\n<\/strong><span style=\"color: #ff0000;\"><strong>Acheter ce produit ne vous donne en aucun cas le droit de l&rsquo;utiliser dans une autre production.<\/strong><\/span><\/p>\n","protected":false},"excerpt":{"rendered":"<p>OST de La M\u00e9moire Arrang\u00e9e &#8211; Saison 1 en MP3.<\/p>\n","protected":false},"featured_media":519,"comment_status":"open","ping_status":"closed","template":"","meta":[],"class_list":{"0":"post-517","1":"product","2":"type-product","3":"status-publish","4":"has-post-thumbnail","6":"product_cat-la-memoire-arrangee","7":"product_cat-ost","8":"product_tag-la-memoire-arrangee","9":"product_tag-ost","11":"first","12":"instock","13":"featured","14":"downloadable","15":"virtual","16":"sold-individually","17":"shipping-taxable","18":"purchasable","19":"product-type-simple"},"_links":{"self":[{"href":"http:\/\/teamjavras.fr\/shop\/wp-json\/wp\/v2\/product\/517","targetHints":{"allow":["GET"]}}],"collection":[{"href":"http:\/\/teamjavras.fr\/shop\/wp-json\/wp\/v2\/product"}],"about":[{"href":"http:\/\/teamjavras.fr\/shop\/wp-json\/wp\/v2\/types\/product"}],"replies":[{"embeddable":true,"href":"http:\/\/teamjavras.fr\/shop\/wp-json\/wp\/v2\/comments?post=517"}],"wp:featuredmedia":[{"embeddable":true,"href":"http:\/\/teamjavras.fr\/shop\/wp-json\/wp\/v2\/media\/519"}],"wp:attachment":[{"href":"http:\/\/teamjavras.fr\/shop\/wp-json\/wp\/v2\/media?parent=517"}],"curies":[{"name":"wp","href":"https:\/\/api.w.org\/{rel}","templated":true}]}}