{"id":458,"date":"2021-11-22T14:41:16","date_gmt":"2021-11-22T13:41:16","guid":{"rendered":"http:\/\/teamjavras.fr\/shop\/?post_type=product&#038;p=458"},"modified":"2021-11-23T12:09:14","modified_gmt":"2021-11-23T11:09:14","slug":"cd-popcorns-ankh","status":"publish","type":"product","link":"http:\/\/teamjavras.fr\/shop\/product\/cd-popcorns-ankh\/","title":{"rendered":"CD Popcorns \/ ANKH"},"content":{"rendered":"<div class=\"elementor-element elementor-element-d2d6a0e elementor-widget elementor-widget-text-editor\" data-id=\"d2d6a0e\" data-element_type=\"widget\" data-widget_type=\"text-editor.default\">\n<div class=\"elementor-widget-container\">\n<div class=\"elementor-text-editor elementor-clearfix\">\n<p>Retrouvez dans ce CD un mix Science Fiction \/ Fantasy gr\u00e2ce \u00e0 nos deux fictions audio courtes : <i><b>Popcorns<\/b><\/i> et <i><b>ANKH<\/b><\/i>. Id\u00e9al pour faire d\u00e9couvrir de la fiction sonore !<\/p>\n<h3><span style=\"text-decoration: underline;\"><strong>Synopsis :<\/strong><\/span><\/h3>\n<p><span style=\"text-decoration: underline;\"><strong>Popcorns :<\/strong> <\/span><br \/>\n<em>Locaux de l\u2019entreprise agro-alimentaire WonderCereals, 2042. Alors qu\u2019une fete est organis\u00e9e pour le lancement publicitaire du MegaPopcorn, produit phare de cette industrie, Adeline, une employ\u00e9e, et son ami, Romuald, partent explorer le batiment. Ils se retrouvent malgr\u00e9 eux mel\u00e9s \u00e0 une histoire qui pourrait mettre leur vie en p\u00e9ril\u2026<\/em><\/p>\n<p><span style=\"text-decoration: underline;\"><strong>ANKH :<\/strong><\/span><br \/>\n<em>Lyndal Sanders &amp; Yumna Antoun, \u00e9gyptologues \u00e0 Washington, sont invit\u00e9s par leur ami et ancien enseignant Wallace Renfield \u00e0 l\u2019inauguration d\u2019un Night Club sur l\u2019Egypte Antique, au Caire. Cependant, ils vont avoir affaire \u00e0 une relique multi-mill\u00e9naire et \u00e0 une organisation peu claire.<\/em><\/p>\n<p><b>ANKH\u00a0<\/b>a remport\u00e9e le concours de\u00a0<a href=\"https:\/\/forum.netophonix.com\/viewpost226489.html#p226489\"><b>la saga de l\u2019\u00e9t\u00e9 2020<\/b><\/a>. Remerciements \u00e0 toutes les personnes qui ont permis cela.<\/p>\n<p><span style=\"text-decoration: underline;\"><strong>TRACKLIST :<\/strong><\/span><\/p>\n<ol>\n<li><strong>Popcorns \u2013 Episode 1<\/strong> (9<em>:19<\/em>)<\/li>\n<li><strong>Popcorns \u2013 Episode 2<\/strong> (10<em>:34<\/em>)<\/li>\n<li><strong>Popcorns \u2013 Episode 3<\/strong> (8<em>:37<\/em>)<\/li>\n<li><strong>ANKH \u2013 Episode 1<\/strong> (7<em>:52<\/em>)<\/li>\n<li><strong>ANKH \u2013 Episode 2 <\/strong>(5<em>:53<\/em>)<\/li>\n<li><strong>ANKH \u2013 Episode 3<\/strong> (9<em>:16<\/em>)<\/li>\n<\/ol>\n<\/div>\n<\/div>\n<\/div>\n<p><b>Date de sortie physique :<\/b> 11\/2021<br \/>\n<b>Prix public CD physique :<\/b> 5\u20ac (sans frais de port)<br \/>\n<b>Produit et r\u00e9alis\u00e9 par :<\/b> La Team Javras<br \/>\n<strong>Tous les b\u00e9n\u00e9fices reviendront \u00e0 l&rsquo;association pour financer d&rsquo;autres projets !<\/strong><\/p>\n","protected":false},"excerpt":{"rendered":"<p>CD POPCORNS \/ ANKH<\/p>\n","protected":false},"featured_media":459,"comment_status":"open","ping_status":"closed","template":"","meta":[],"class_list":{"0":"post-458","1":"product","2":"type-product","3":"status-publish","4":"has-post-thumbnail","6":"product_cat-cd","7":"product_cat-popankh","9":"first","10":"instock","11":"featured","12":"shipping-taxable","13":"purchasable","14":"product-type-simple"},"_links":{"self":[{"href":"http:\/\/teamjavras.fr\/shop\/wp-json\/wp\/v2\/product\/458","targetHints":{"allow":["GET"]}}],"collection":[{"href":"http:\/\/teamjavras.fr\/shop\/wp-json\/wp\/v2\/product"}],"about":[{"href":"http:\/\/teamjavras.fr\/shop\/wp-json\/wp\/v2\/types\/product"}],"replies":[{"embeddable":true,"href":"http:\/\/teamjavras.fr\/shop\/wp-json\/wp\/v2\/comments?post=458"}],"wp:featuredmedia":[{"embeddable":true,"href":"http:\/\/teamjavras.fr\/shop\/wp-json\/wp\/v2\/media\/459"}],"wp:attachment":[{"href":"http:\/\/teamjavras.fr\/shop\/wp-json\/wp\/v2\/media?parent=458"}],"curies":[{"name":"wp","href":"https:\/\/api.w.org\/{rel}","templated":true}]}}