{"id":439,"date":"2021-05-20T18:31:57","date_gmt":"2021-05-20T16:31:57","guid":{"rendered":"http:\/\/teamjavras.fr\/shop\/?post_type=product&#038;p=439"},"modified":"2022-02-02T16:50:10","modified_gmt":"2022-02-02T15:50:10","slug":"pack-tous-les-cd","status":"publish","type":"product","link":"http:\/\/teamjavras.fr\/shop\/product\/pack-tous-les-cd\/","title":{"rendered":"Pack \u00ab\u00a0Tous les CD\u00a0\u00bb"},"content":{"rendered":"<h3>Edition 2022<\/h3>\n<p>Retrouvez le<strong> CD Popcorns \/ Ankh<\/strong>, l&rsquo;<strong>OST de CINQ<\/strong>, le CD <strong>Javras : Une d\u00e9licieuse Enqu\u00eate<\/strong> et <strong>le premier CD \u00ab\u00a0La vie priv\u00e9e de Javras\u00a0\u00bb <\/strong>en num\u00e9rique.<br \/>\nAinsi qu&rsquo;un badge Javras et 5 autocollants.<\/p>\n<p>Avec :<\/p>\n<ul>\n<li>CD <em>Popcorns \/ ANKH (Valeur : 5\u20ac)<br \/>\n<\/em><\/li>\n<li>OST num\u00e9rique de CINQ<em> (Valeur : 10\u20ac)<\/em><\/li>\n<li>Javras : Une d\u00e9licieuse Enqu\u00eate<em> [Version CD Deluxe + Num\u00e9rique] (Valeur : 15\u20ac + 10\u20ac)<br \/>\n<\/em><\/li>\n<li>La vie priv\u00e9e de Javras <em>[Num\u00e9rique] (Valeur : 6\u20ac)<br \/>\n<\/em><\/li>\n<li>Un badge Javras <em> (Valeur : 1\u20ac)<\/em><\/li>\n<li>5 autocollants <em> (Valeur : 3\u20ac)<\/em><\/li>\n<\/ul>\n<hr \/>\n<p><em>*En fonction des nouvelles sorties, le prix du pack peut augmenter.<\/em><\/p>\n","protected":false},"excerpt":{"rendered":"<p>Edition 2022 Retrouvez le CD Popcorns \/ Ankh, l&rsquo;OST de CINQ, le CD Javras : Une d\u00e9licieuse Enqu\u00eate et le premier CD \u00ab\u00a0La vie priv\u00e9e de Javras\u00a0\u00bb en num\u00e9rique. Ainsi qu&rsquo;un badge Javras et 5 autocollants. Avec : CD Popcorns \/ ANKH (Valeur : 5\u20ac) OST num\u00e9rique de CINQ (Valeur : 10\u20ac) Javras : Une [&hellip;]<\/p>\n","protected":false},"featured_media":461,"comment_status":"open","ping_status":"closed","template":"","meta":[],"class_list":{"0":"post-439","1":"product","2":"type-product","3":"status-publish","4":"has-post-thumbnail","6":"product_cat-autocollant","7":"product_cat-badge","8":"product_cat-cd","9":"product_cat-cdj01","10":"product_cat-cdj02","11":"product_cat-numerique","12":"product_cat-ost","13":"product_cat-popankh","15":"first","16":"instock","17":"sale","18":"downloadable","19":"shipping-taxable","20":"purchasable","21":"product-type-simple"},"_links":{"self":[{"href":"http:\/\/teamjavras.fr\/shop\/wp-json\/wp\/v2\/product\/439","targetHints":{"allow":["GET"]}}],"collection":[{"href":"http:\/\/teamjavras.fr\/shop\/wp-json\/wp\/v2\/product"}],"about":[{"href":"http:\/\/teamjavras.fr\/shop\/wp-json\/wp\/v2\/types\/product"}],"replies":[{"embeddable":true,"href":"http:\/\/teamjavras.fr\/shop\/wp-json\/wp\/v2\/comments?post=439"}],"wp:featuredmedia":[{"embeddable":true,"href":"http:\/\/teamjavras.fr\/shop\/wp-json\/wp\/v2\/media\/461"}],"wp:attachment":[{"href":"http:\/\/teamjavras.fr\/shop\/wp-json\/wp\/v2\/media?parent=439"}],"curies":[{"name":"wp","href":"https:\/\/api.w.org\/{rel}","templated":true}]}}