{"id":381,"date":"2020-10-01T00:05:18","date_gmt":"2020-09-30T22:05:18","guid":{"rendered":"http:\/\/teamjavras.fr\/shop\/?post_type=product&#038;p=381"},"modified":"2022-02-02T16:52:31","modified_gmt":"2022-02-02T15:52:31","slug":"cdj-02-javras-une-delicieuse-enquete-numerique","status":"publish","type":"product","link":"http:\/\/teamjavras.fr\/shop\/product\/cdj-02-javras-une-delicieuse-enquete-numerique\/","title":{"rendered":"CDJ.02 &#8211; Javras, Une D\u00e9licieuse Enqu\u00eate (Num\u00e9rique)"},"content":{"rendered":"<div class=\"elementor-element elementor-element-81b454c elementor-widget elementor-widget-text-editor\" data-id=\"81b454c\" data-element_type=\"widget\" data-widget_type=\"text-editor.default\">\n<div class=\"elementor-widget-container\">\n<div class=\"elementor-text-editor elementor-clearfix\">\n<h3>2020 \u2013 <a href=\"https:\/\/fr.ulule.com\/javras-une-delicieuse-enquete\/\">Financ\u00e9 sur Ulule (513%)<\/a> \u2013 Enqu\u00eate humoristique exclusive \u2013 Dur\u00e9e : 64min<\/h3>\n<\/div>\n<\/div>\n<\/div>\n<div class=\"elementor-element elementor-element-60b3b8f elementor-widget elementor-widget-text-editor\" data-id=\"60b3b8f\" data-element_type=\"widget\" data-widget_type=\"text-editor.default\">\n<div class=\"elementor-widget-container\">\n<div class=\"elementor-text-editor elementor-clearfix\">\n<p><strong>Synopsis :<\/strong> <em>Alors que midi sonne, les membres de la Team Javras d\u00e9couvrent avec stup\u00e9faction que quelqu\u2019un a mang\u00e9 leur g\u00e2teau sans laisser la moindre petite miette\u2026 Boulevers\u00e9s, an\u00e9antis, trahis, il leur faut d\u00e9couvrir qui est le fieff\u00e9 sc\u00e9l\u00e9rat qui a commis cet acte abominable. <\/em><\/p>\n<p><em>Et pour cela, il vont devoir faire appel au meilleur de tous les d\u00e9tectives !<\/em><\/p>\n<h3><em>L&rsquo;univers :<br \/>\n<\/em><\/h3>\n<div id=\"elementor-tab-content-8261\" class=\"elementor-tab-content elementor-clearfix elementor-active\" data-tab=\"1\">\n<p><strong>Le CD<\/strong><em><strong> Javras, Une D\u00e9licieuse Enqu\u00eate<\/strong><\/em> se passe dans l\u2019univers fictif du b\u00e2timent Javras, dans la s\u00e9rie audio humoristique et gratuite nomm\u00e9e <a href=\"http:\/\/www.teamjavras.fr\/javras-mp3\/\" target=\"_blank\" rel=\"nofollow noopener noreferrer\"><em><strong>Javras, la s\u00e9rie mp3<\/strong><\/em><\/a>. Chaque \u00e9pisode \u00e9tant \u00e9crit et r\u00e9alis\u00e9 par une personne diff\u00e9rente, ils sont ind\u00e9pendants les uns des autres. De plus, la s\u00e9rie contient de nombreux\u00a0clins d\u2019\u0153il\u00a0\u00e0\u00a0<a href=\"http:\/\/wiki.netophonix.com\/Sagasph%C3%A8re\" target=\"_blank\" rel=\"nofollow noopener noreferrer\"><strong>la sagasph\u00e8re<\/strong><\/a>. <a href=\"http:\/\/www.teamjavras.fr\/javras-mp3\/\" target=\"_blank\" rel=\"nofollow noopener noreferrer\">Vous pouvez retrouver tous nos \u00e9pisodes, <strong>soit plus de 4 heures d\u2019audio<\/strong>,\u00a0sur cette page<\/a>. <strong>Ce CD peut \u00eatre\u00a0compris sans avoir \u00e9cout\u00e9 les \u00e9pisodes pr\u00e9c\u00e9dents de la s\u00e9rie mp3.<\/strong><\/p>\n<h3>Tracklist :<\/h3>\n<ol>\n<li>Introduction \u2013 <strong><em>8:08<\/em><\/strong><\/li>\n<li>D\u00e9but d\u2019enqu\u00eate \u2013 <em><strong>9:06<\/strong><\/em><\/li>\n<li>L\u2019interrogatoire \u2013 <em><strong>6:45<\/strong><\/em><\/li>\n<li>Le rassemblement \u2013 <em><strong>4:42<\/strong><\/em><\/li>\n<li>Une petite page de pub \u2013 <strong><em>7:35<\/em><\/strong><\/li>\n<li>Les r\u00e9v\u00e9lations \u2013 <strong><em>10:18<\/em><\/strong><\/li>\n<li>Bonus \u2013 B\u00eatisier (court) \u2013 <b><i>18:00<\/i><\/b><\/li>\n<\/ol>\n<h3>Plus d&rsquo;informations :<\/h3>\n<div id=\"elementor-tab-content-8263\" class=\"elementor-tab-content elementor-clearfix elementor-active\" data-tab=\"3\">\n<div id=\"panel-5eecfa4bd4b65\" class=\"x-accordion-body\" data-x-toggle-collapse=\"1\" data-x-toggleable=\"5eecfa4bd4b65\">\n<div class=\"x-accordion-inner\">\n<p><b>Date de sortie physique \/ num\u00e9rique :<\/b> 01\/09\/2020<br \/>\n<b>Prix public CD physique :<\/b> 15\u20ac (sans frais de port)<br \/>\n<b>Prix public num\u00e9rique :<\/b> 10\u20ac<br \/>\n<b>Produit et r\u00e9alis\u00e9 par :<\/b> Association Team Javras et les auditeurs<\/p>\n<p><strong>Textes<\/strong> : <a href=\"http:\/\/twitter.com\/Lys_Nebuleux\" target=\"_blank\" rel=\"nofollow noopener noreferrer\">Adelyx<\/a>,\u00a0<a href=\"http:\/\/twitter.com\/anyakristen\" target=\"_blank\" rel=\"nofollow noopener noreferrer\">Anya Kristen<\/a>,\u00a0<a href=\"http:\/\/twitter.com\/Baagy_the_duc\" target=\"_blank\" rel=\"nofollow noopener noreferrer\">Baagy<\/a>,\u00a0<a href=\"http:\/\/twitter.com\/Ganonbenj\" target=\"_blank\" rel=\"nofollow noopener noreferrer\">Darkspriteangels<\/a>,\u00a0<a href=\"http:\/\/twitter.com\/erika_mizuki1\" target=\"_blank\" rel=\"nofollow noopener noreferrer\">Erika<\/a>,\u00a0<a href=\"http:\/\/twitter.com\/Jill_Lyandja\" target=\"_blank\" rel=\"nofollow noopener noreferrer\">Jillyne<\/a>,\u00a0<a href=\"http:\/\/twitter.com\/Melectrik\" target=\"_blank\" rel=\"nofollow noopener noreferrer\">Melectrik<\/a><br \/>\n<strong>Correction : <\/strong><a href=\"http:\/\/twitter.com\/Melectrik\" target=\"_blank\" rel=\"nofollow noopener noreferrer\">Melectrik<\/a><br \/>\n<strong>Acting :<\/strong>\u00a0AL4, Almond, <a href=\"http:\/\/twitter.com\/anyakristen\" target=\"_blank\" rel=\"nofollow noopener noreferrer\">Anya Kristen<\/a>, <a href=\"http:\/\/twitter.com\/Artekyon\" target=\"_blank\" rel=\"nofollow noopener noreferrer\">Artekyon<\/a>, <a href=\"http:\/\/twitter.com\/Baagy_the_duck\" target=\"_blank\" rel=\"nofollow noopener noreferrer\">Baagy<\/a>,\u00a0<a href=\"http:\/\/twitter.com\/LucasClaXus\" target=\"_blank\" rel=\"nofollow noopener noreferrer\">ClaXus<\/a>, <a href=\"http:\/\/twitter.com\/CrazyH59\" target=\"_blank\" rel=\"nofollow noopener noreferrer\">Crazy<\/a>, <a href=\"http:\/\/twitter.com\/Ganonbenj\" target=\"_blank\" rel=\"nofollow noopener noreferrer\">Darkspriteangels<\/a>, <a href=\"http:\/\/twitter.com\/erika_mizuki1\" target=\"_blank\" rel=\"nofollow noopener noreferrer\">Erika<\/a>, <a href=\"http:\/\/twitter.com\/GBleizdu\" target=\"_blank\" rel=\"nofollow noopener noreferrer\">Gihellcy<\/a>, <a href=\"http:\/\/twitter.com\/RomHorine\" target=\"_blank\" rel=\"nofollow noopener noreferrer\">Horine<\/a>, <a href=\"http:\/\/twitter.com\/Jimmy_Hesdea\" target=\"_blank\" rel=\"nofollow noopener noreferrer\">Hesdea<\/a>,\u00a0<a href=\"http:\/\/twitter.com\/Jill_Lyandja\" target=\"_blank\" rel=\"nofollow noopener noreferrer\">Jillyne<\/a>, <a href=\"http:\/\/twitter.com\/leffy62z\" target=\"_blank\" rel=\"nofollow noopener noreferrer\">Leffy62z<\/a>, <a href=\"http:\/\/twitter.com\/MatsukiRitashi\" target=\"_blank\" rel=\"nofollow noopener noreferrer\">Matsuki Ritashi<\/a>, <a href=\"http:\/\/twitter.com\/Melectrik\" target=\"_blank\" rel=\"nofollow noopener noreferrer\">Melectrik<\/a>, <a href=\"http:\/\/twitter.com\/Reshkave\" target=\"_blank\" rel=\"nofollow noopener noreferrer\">Reshkaf<\/a>, <a href=\"http:\/\/twitter.com\/richoult\" target=\"_blank\" rel=\"nofollow noopener noreferrer\">Richoult<\/a>, <a href=\"http:\/\/twitter.com\/Stellatsu\" target=\"_blank\" rel=\"nofollow noopener noreferrer\">Stellatsu<\/a>.<br \/>\n<strong>Montage Mixage :<\/strong>\u00a0<a href=\"http:\/\/twitter.com\/erika_mizuki1\" target=\"_blank\" rel=\"nofollow noopener noreferrer\">Erika<\/a>, <a href=\"http:\/\/twitter.com\/RomHorine\" target=\"_blank\" rel=\"nofollow noopener noreferrer\">Horine<\/a>, <a href=\"http:\/\/twitter.com\/Ganonbenj\" target=\"_blank\" rel=\"nofollow noopener noreferrer\">Darkspriteangels<\/a> et <a href=\"http:\/\/twitter.com\/richoult\" target=\"_blank\" rel=\"nofollow noopener noreferrer\">Richoult<\/a>.<br \/>\n<strong>Composition originale :\u00a0<\/strong><a href=\"http:\/\/twitter.com\/0di03\" target=\"_blank\" rel=\"nofollow noopener noreferrer\">Kayji<\/a><br \/>\n<strong>Pr\u00e9-mastering : <\/strong><a href=\"http:\/\/twitter.com\/RomHorine\" target=\"_blank\" rel=\"nofollow noopener noreferrer\">Horine<\/a><br \/>\n<strong>Mastering CD :<\/strong><a href=\"http:\/\/twitter.com\/RomHorine\" target=\"_blank\" rel=\"nofollow noopener noreferrer\"><strong>\u00a0<\/strong><\/a><a href=\"http:\/\/twitter.com\/0di03\" target=\"_blank\" rel=\"nofollow noopener noreferrer\">Kayji<\/a><br \/>\n<strong>Illustration du CD et des Goodies exclusifs : <\/strong><a href=\"http:\/\/twitter.com\/Batsheba_\" target=\"_blank\" rel=\"nofollow noopener noreferrer\">Batsheba<\/a><\/p>\n<\/div>\n<\/div>\n<\/div>\n<\/div>\n<\/div>\n<\/div>\n<\/div>\n<hr \/>\n<p style=\"padding-left: 60px; text-align: justify;\"><span style=\"text-decoration: underline;\"><strong><span style=\"color: #ff0000; text-decoration: underline;\">IMPORTANT:<\/span><\/strong><\/span><\/p>\n<p style=\"text-align: justify;\">Cet album cache <span style=\"color: #0000ff;\"><strong>un code secret<\/strong><\/span> qui vous permettra <span style=\"color: #ff0000;\"><strong>d&rsquo;acc\u00e9der aux bonus in\u00e9dits et au t\u00e9l\u00e9chargement mp3 de ce CD<\/strong><\/span> gr\u00e2ce <strong>au bouton ci-dessous :<\/strong><\/p>\n<p style=\"text-align: center;\"><a href=\"http:\/\/teamjavras.fr\/shop\/extra-cd-jude\/\" class=\"su-button su-button-style-default\" style=\"color:#FFFFFF;background-color:#2D89EF;border-color:#246ec0;border-radius:5px\" target=\"_self\"><span style=\"color:#FFFFFF;padding:6px 16px;font-size:13px;line-height:20px;border-color:#6cadf4;border-radius:5px;text-shadow:none\"><i class=\"sui sui-download\" style=\"font-size:13px;color:#FFFFFF\"><\/i> Acc\u00e9der aux bonus in\u00e9dits du \u00ab\u00a0CDJ.02 &#8211; Javras, Une D\u00e9licieuse Enqu\u00eate\u00a0\u00bb.<\/span><\/a>\n","protected":false},"excerpt":{"rendered":"<p>CD.J02 &#8211; Num\u00e9rique.<\/p>\n","protected":false},"featured_media":384,"comment_status":"closed","ping_status":"closed","template":"","meta":[],"class_list":{"0":"post-381","1":"product","2":"type-product","3":"status-publish","4":"has-post-thumbnail","6":"product_cat-cd","7":"product_cat-cdj02","8":"product_cat-numerique","10":"first","11":"instock","12":"downloadable","13":"virtual","14":"sold-individually","15":"shipping-taxable","16":"purchasable","17":"product-type-simple"},"_links":{"self":[{"href":"http:\/\/teamjavras.fr\/shop\/wp-json\/wp\/v2\/product\/381","targetHints":{"allow":["GET"]}}],"collection":[{"href":"http:\/\/teamjavras.fr\/shop\/wp-json\/wp\/v2\/product"}],"about":[{"href":"http:\/\/teamjavras.fr\/shop\/wp-json\/wp\/v2\/types\/product"}],"replies":[{"embeddable":true,"href":"http:\/\/teamjavras.fr\/shop\/wp-json\/wp\/v2\/comments?post=381"}],"wp:featuredmedia":[{"embeddable":true,"href":"http:\/\/teamjavras.fr\/shop\/wp-json\/wp\/v2\/media\/384"}],"wp:attachment":[{"href":"http:\/\/teamjavras.fr\/shop\/wp-json\/wp\/v2\/media?parent=381"}],"curies":[{"name":"wp","href":"https:\/\/api.w.org\/{rel}","templated":true}]}}