{"id":325,"date":"2019-11-12T23:22:28","date_gmt":"2019-11-12T22:22:28","guid":{"rendered":"http:\/\/teamjavras.fr\/shop\/?post_type=product&#038;p=325"},"modified":"2020-08-19T00:40:40","modified_gmt":"2020-08-18T22:40:40","slug":"badge-por-tail-wheatley","status":"publish","type":"product","link":"http:\/\/teamjavras.fr\/shop\/product\/badge-por-tail-wheatley\/","title":{"rendered":"Badge : Por] [tail &#8211; Wheatley"},"content":{"rendered":"<p>Badge repr\u00e9sentant Wheatley, venant de la saga Por] [tail d&rsquo;Erika.<\/p>\n<p>&#8211; Dimensions : 3,2cm &#8211; Epaisseur : 3mm<br \/>\n&#8211; Mat\u00e9riaux : Coque en M\u00e9tal de diam\u00e8tre 32mm &#8211; Epingle au verso du badge pour la fixation<\/p>\n<p>Illustration : <a href=\"https:\/\/twitter.com\/Batsheba_\">Batsheba<\/a><\/p>\n","protected":false},"excerpt":{"rendered":"<p>Badge Wheatley<\/p>\n","protected":false},"featured_media":327,"comment_status":"open","ping_status":"closed","template":"","meta":[],"class_list":{"0":"post-325","1":"product","2":"type-product","3":"status-publish","4":"has-post-thumbnail","6":"product_cat-badge","7":"product_cat-portail","8":"product_tag-badge","9":"product_tag-portail","11":"first","12":"instock","13":"shipping-taxable","14":"purchasable","15":"product-type-simple"},"_links":{"self":[{"href":"http:\/\/teamjavras.fr\/shop\/wp-json\/wp\/v2\/product\/325","targetHints":{"allow":["GET"]}}],"collection":[{"href":"http:\/\/teamjavras.fr\/shop\/wp-json\/wp\/v2\/product"}],"about":[{"href":"http:\/\/teamjavras.fr\/shop\/wp-json\/wp\/v2\/types\/product"}],"replies":[{"embeddable":true,"href":"http:\/\/teamjavras.fr\/shop\/wp-json\/wp\/v2\/comments?post=325"}],"wp:featuredmedia":[{"embeddable":true,"href":"http:\/\/teamjavras.fr\/shop\/wp-json\/wp\/v2\/media\/327"}],"wp:attachment":[{"href":"http:\/\/teamjavras.fr\/shop\/wp-json\/wp\/v2\/media?parent=325"}],"curies":[{"name":"wp","href":"https:\/\/api.w.org\/{rel}","templated":true}]}}