{"id":323,"date":"2019-11-12T23:19:24","date_gmt":"2019-11-12T22:19:24","guid":{"rendered":"http:\/\/teamjavras.fr\/shop\/?post_type=product&#038;p=323"},"modified":"2020-08-19T00:40:30","modified_gmt":"2020-08-18T22:40:30","slug":"badge-por-tail-shell","status":"publish","type":"product","link":"http:\/\/teamjavras.fr\/shop\/product\/badge-por-tail-shell\/","title":{"rendered":"Badge : Por] [tail &#8211; Shell"},"content":{"rendered":"<p>Badge repr\u00e9sentant Shell et CraDOS en batterie patate, venant de la saga Por] [tail d&rsquo;Erika.<\/p>\n<p>&#8211; Dimensions : 3,2cm &#8211; Epaisseur : 3mm<br \/>\n&#8211; Mat\u00e9riaux : Coque en M\u00e9tal de diam\u00e8tre 32mm &#8211; Epingle au verso du badge pour la fixation<\/p>\n<p>Illustration : <a href=\"https:\/\/twitter.com\/Batsheba_\">Batsheba<\/a><\/p>\n","protected":false},"excerpt":{"rendered":"<p>Badge Shell<\/p>\n","protected":false},"featured_media":324,"comment_status":"open","ping_status":"closed","template":"","meta":[],"class_list":{"0":"post-323","1":"product","2":"type-product","3":"status-publish","4":"has-post-thumbnail","6":"product_cat-badge","7":"product_cat-portail","8":"product_tag-badge","9":"product_tag-portail","11":"first","12":"instock","13":"shipping-taxable","14":"purchasable","15":"product-type-simple"},"_links":{"self":[{"href":"http:\/\/teamjavras.fr\/shop\/wp-json\/wp\/v2\/product\/323","targetHints":{"allow":["GET"]}}],"collection":[{"href":"http:\/\/teamjavras.fr\/shop\/wp-json\/wp\/v2\/product"}],"about":[{"href":"http:\/\/teamjavras.fr\/shop\/wp-json\/wp\/v2\/types\/product"}],"replies":[{"embeddable":true,"href":"http:\/\/teamjavras.fr\/shop\/wp-json\/wp\/v2\/comments?post=323"}],"wp:featuredmedia":[{"embeddable":true,"href":"http:\/\/teamjavras.fr\/shop\/wp-json\/wp\/v2\/media\/324"}],"wp:attachment":[{"href":"http:\/\/teamjavras.fr\/shop\/wp-json\/wp\/v2\/media?parent=323"}],"curies":[{"name":"wp","href":"https:\/\/api.w.org\/{rel}","templated":true}]}}