{"id":167,"date":"2017-11-02T00:09:55","date_gmt":"2017-11-01T23:09:55","guid":{"rendered":"http:\/\/teamjavras.fr\/shop\/?post_type=product&#038;p=167"},"modified":"2021-10-25T18:23:56","modified_gmt":"2021-10-25T16:23:56","slug":"cd-drama-cinq-norma-et-la-foret","status":"publish","type":"product","link":"http:\/\/teamjavras.fr\/shop\/product\/cd-drama-cinq-norma-et-la-foret\/","title":{"rendered":"CD DRAMA : CINQ, N\u00d8RMA et La For\u00eat"},"content":{"rendered":"<p>Retrouvez trois histoires \u00e0 couper le souffle dans ce premier CD DRAMA.<\/p>\n<p><span style=\"text-decoration: underline;\"><strong>TRACKLIST :<\/strong><\/span><\/p>\n<ol>\n<li><strong>CINQ<\/strong> (<em>23:12<\/em>)<\/li>\n<li><strong>N\u00d8RMA<\/strong> (<em>29:21<\/em>)<\/li>\n<li><strong>Bonus : La For\u00eat<\/strong> (<em>23:56<\/em>)<\/li>\n<\/ol>\n<p><span style=\"text-decoration: underline;\">Dur\u00e9e totale :<\/span> 77 minutes<br \/>\nPremier pressage &#8211; Nov. 2017<\/p>\n","protected":false},"excerpt":{"rendered":"<p>CD DRAMA : CINQ, N\u00d8RMA et La For\u00eat<\/p>\n","protected":false},"featured_media":452,"comment_status":"open","ping_status":"closed","template":"","meta":[],"class_list":{"0":"post-167","1":"product","2":"type-product","3":"status-publish","4":"has-post-thumbnail","6":"product_cat-cd","7":"product_cat-drama","9":"first","10":"outofstock","11":"featured","12":"shipping-taxable","13":"purchasable","14":"product-type-simple"},"_links":{"self":[{"href":"http:\/\/teamjavras.fr\/shop\/wp-json\/wp\/v2\/product\/167","targetHints":{"allow":["GET"]}}],"collection":[{"href":"http:\/\/teamjavras.fr\/shop\/wp-json\/wp\/v2\/product"}],"about":[{"href":"http:\/\/teamjavras.fr\/shop\/wp-json\/wp\/v2\/types\/product"}],"replies":[{"embeddable":true,"href":"http:\/\/teamjavras.fr\/shop\/wp-json\/wp\/v2\/comments?post=167"}],"wp:featuredmedia":[{"embeddable":true,"href":"http:\/\/teamjavras.fr\/shop\/wp-json\/wp\/v2\/media\/452"}],"wp:attachment":[{"href":"http:\/\/teamjavras.fr\/shop\/wp-json\/wp\/v2\/media?parent=167"}],"curies":[{"name":"wp","href":"https:\/\/api.w.org\/{rel}","templated":true}]}}