{"id":162,"date":"2017-10-31T21:26:40","date_gmt":"2017-10-31T20:26:40","guid":{"rendered":"http:\/\/teamjavras.fr\/shop\/?post_type=product&#038;p=162"},"modified":"2020-02-03T19:12:26","modified_gmt":"2020-02-03T18:12:26","slug":"badge-por-tail","status":"publish","type":"product","link":"http:\/\/teamjavras.fr\/shop\/product\/badge-por-tail\/","title":{"rendered":"Badge : Por] [tail"},"content":{"rendered":"<p>Badge officiel de la saga Por] [tail de Erika, et ce n&rsquo;est pas un mensonge.<\/p>\n<p>&#8211; Dimensions : 2,5cm &#8211; Epaisseur : 3mm<br \/>\n&#8211; Mat\u00e9riaux : Coque en M\u00e9tal de diam\u00e8tre 25mm &#8211; Epingle au verso du badge pour la fixation<\/p>\n","protected":false},"excerpt":{"rendered":"<p>Badge Portail<\/p>\n","protected":false},"featured_media":328,"comment_status":"open","ping_status":"closed","template":"","meta":[],"class_list":{"0":"post-162","1":"product","2":"type-product","3":"status-publish","4":"has-post-thumbnail","6":"product_cat-badge","7":"product_cat-portail","8":"product_tag-badge","9":"product_tag-portail","11":"first","12":"instock","13":"featured","14":"shipping-taxable","15":"purchasable","16":"product-type-simple"},"_links":{"self":[{"href":"http:\/\/teamjavras.fr\/shop\/wp-json\/wp\/v2\/product\/162","targetHints":{"allow":["GET"]}}],"collection":[{"href":"http:\/\/teamjavras.fr\/shop\/wp-json\/wp\/v2\/product"}],"about":[{"href":"http:\/\/teamjavras.fr\/shop\/wp-json\/wp\/v2\/types\/product"}],"replies":[{"embeddable":true,"href":"http:\/\/teamjavras.fr\/shop\/wp-json\/wp\/v2\/comments?post=162"}],"wp:featuredmedia":[{"embeddable":true,"href":"http:\/\/teamjavras.fr\/shop\/wp-json\/wp\/v2\/media\/328"}],"wp:attachment":[{"href":"http:\/\/teamjavras.fr\/shop\/wp-json\/wp\/v2\/media?parent=162"}],"curies":[{"name":"wp","href":"https:\/\/api.w.org\/{rel}","templated":true}]}}