{"id":153,"date":"2016-12-02T00:51:08","date_gmt":"2016-12-01T23:51:08","guid":{"rendered":"http:\/\/teamjavras.fr\/shop\/?post_type=product&#038;p=153"},"modified":"2020-02-03T19:10:35","modified_gmt":"2020-02-03T18:10:35","slug":"badge-javras-2017-2","status":"publish","type":"product","link":"http:\/\/teamjavras.fr\/shop\/product\/badge-javras-2017-2\/","title":{"rendered":"Badge : QVGDPEM"},"content":{"rendered":"<p>Arborez fi\u00e8rement votre soutien pour votre \u00e9mission pr\u00e9f\u00e9r\u00e9 : <strong>QVGDPEM<\/strong> gr\u00e2ce \u00e0 ce badge.<\/p>\n","protected":false},"excerpt":{"rendered":"<p>Badge GVGDPEM<\/p>\n","protected":false},"featured_media":155,"comment_status":"open","ping_status":"closed","template":"","meta":[],"class_list":{"0":"post-153","1":"product","2":"type-product","3":"status-publish","4":"has-post-thumbnail","6":"product_cat-badge","7":"product_tag-badge","8":"product_tag-qvgdpem","10":"first","11":"instock","12":"shipping-taxable","13":"purchasable","14":"product-type-simple"},"_links":{"self":[{"href":"http:\/\/teamjavras.fr\/shop\/wp-json\/wp\/v2\/product\/153","targetHints":{"allow":["GET"]}}],"collection":[{"href":"http:\/\/teamjavras.fr\/shop\/wp-json\/wp\/v2\/product"}],"about":[{"href":"http:\/\/teamjavras.fr\/shop\/wp-json\/wp\/v2\/types\/product"}],"replies":[{"embeddable":true,"href":"http:\/\/teamjavras.fr\/shop\/wp-json\/wp\/v2\/comments?post=153"}],"wp:featuredmedia":[{"embeddable":true,"href":"http:\/\/teamjavras.fr\/shop\/wp-json\/wp\/v2\/media\/155"}],"wp:attachment":[{"href":"http:\/\/teamjavras.fr\/shop\/wp-json\/wp\/v2\/media?parent=153"}],"curies":[{"name":"wp","href":"https:\/\/api.w.org\/{rel}","templated":true}]}}